{"id":41,"date":"2024-09-05T16:00:24","date_gmt":"2024-09-05T16:00:24","guid":{"rendered":"https:\/\/srhrinsight.com\/?page_id=41"},"modified":"2024-09-18T18:03:39","modified_gmt":"2024-09-18T18:03:39","slug":"home","status":"publish","type":"page","link":"https:\/\/srhrinsight.com\/fr\/","title":{"rendered":"Accueil"},"content":{"rendered":"<div data-elementor-type=\"wp-page\" data-elementor-id=\"41\" class=\"elementor elementor-41\" data-elementor-post-type=\"page\">\n\t\t\t\t<div class=\"elementor-element elementor-element-a3a2b9f e-flex e-con-boxed e-con e-parent\" data-id=\"a3a2b9f\" data-element_type=\"container\" data-settings=\"{&quot;background_background&quot;:&quot;classic&quot;}\">\n\t\t\t\t\t<div class=\"e-con-inner\">\n\t\t\t\t<div class=\"elementor-element elementor-element-b0911e8 elementor-widget elementor-widget-spacer\" data-id=\"b0911e8\" data-element_type=\"widget\" data-widget_type=\"spacer.default\">\n\t\t\t\t<div class=\"elementor-widget-container\">\n\t\t\t\t\t<div class=\"elementor-spacer\">\n\t\t\t<div class=\"elementor-spacer-inner\"><\/div>\n\t\t<\/div>\n\t\t\t\t<\/div>\n\t\t\t\t<\/div>\n\t\t\t\t<div class=\"elementor-element elementor-element-7f439b5 elementor-widget__width-initial elementor-widget-mobile__width-inherit elementor-widget elementor-widget-text-editor\" data-id=\"7f439b5\" data-element_type=\"widget\" data-widget_type=\"text-editor.default\">\n\t\t\t\t<div class=\"elementor-widget-container\">\n\t\t\t\t\t\t\tBienvenue \u00e0 SRHR Insight, un nouveau centre pour les communicateurs et les d\u00e9fenseurs de la SDSR afin de partager des ressources, des informations et des \u00e9v\u00e9nements.\t\t\t\t\t\t<\/div>\n\t\t\t\t<\/div>\n\t\t\t\t<div class=\"elementor-element elementor-element-bf0721d elementor-widget elementor-widget-spacer\" data-id=\"bf0721d\" data-element_type=\"widget\" data-widget_type=\"spacer.default\">\n\t\t\t\t<div class=\"elementor-widget-container\">\n\t\t\t\t\t<div class=\"elementor-spacer\">\n\t\t\t<div class=\"elementor-spacer-inner\"><\/div>\n\t\t<\/div>\n\t\t\t\t<\/div>\n\t\t\t\t<\/div>\n\t\t\t\t<div class=\"elementor-element elementor-element-1edb885 elementor-widget elementor-widget-spacer\" data-id=\"1edb885\" data-element_type=\"widget\" data-widget_type=\"spacer.default\">\n\t\t\t\t<div class=\"elementor-widget-container\">\n\t\t\t\t\t<div class=\"elementor-spacer\">\n\t\t\t<div class=\"elementor-spacer-inner\"><\/div>\n\t\t<\/div>\n\t\t\t\t<\/div>\n\t\t\t\t<\/div>\n\t\t\t\t\t<\/div>\n\t\t\t\t<\/div>\n\t\t<div class=\"elementor-element elementor-element-e54b91c e-flex e-con-boxed e-con e-parent\" data-id=\"e54b91c\" data-element_type=\"container\">\n\t\t\t\t\t<div class=\"e-con-inner\">\n\t\t<div class=\"elementor-element elementor-element-94a4f8d e-con-full e-flex e-con e-child\" data-id=\"94a4f8d\" data-element_type=\"container\" data-settings=\"{&quot;background_background&quot;:&quot;classic&quot;}\">\n\t\t\t\t<div class=\"elementor-element elementor-element-17c81c3 elementor-widget elementor-widget-text-editor\" data-id=\"17c81c3\" data-element_type=\"widget\" data-widget_type=\"text-editor.default\">\n\t\t\t\t<div class=\"elementor-widget-container\">\n\t\t\t\t\t\t\t<p style=\"text-align: center;\"><span class=\"TextRun SCXW205140396 BCX0\" lang=\"EN-US\" xml:lang=\"EN-US\" data-contrast=\"auto\"><span class=\"NormalTextRun SCXW205140396 BCX0\">Vous cherchez des \u00e9v\u00e9nements et des opportunit\u00e9s en mati\u00e8re de SDSR \u00e0 l'UNGA ?\u00a0<\/span><\/span><span class=\"EOP SCXW205140396 BCX0\" data-ccp-props=\"{&quot;201341983&quot;:0,&quot;335559739&quot;:160,&quot;335559740&quot;:259}\">\u00a0<\/span><\/p>\t\t\t\t\t\t<\/div>\n\t\t\t\t<\/div>\n\t\t\t\t<div class=\"elementor-element elementor-element-7457d1c elementor-align-center elementor-widget elementor-widget-button\" data-id=\"7457d1c\" data-element_type=\"widget\" data-widget_type=\"button.default\">\n\t\t\t\t<div class=\"elementor-widget-container\">\n\t\t\t\t\t<div class=\"elementor-button-wrapper\">\n\t\t\t<a class=\"elementor-button elementor-button-link elementor-size-sm\" href=\"https:\/\/srhrinsight.com\/fr\/events\/\">\n\t\t\t\t\t\t<span class=\"elementor-button-content-wrapper\">\n\t\t\t\t\t\t\t\t\t<span class=\"elementor-button-text\">\u00c9V\u00c9NEMENTS<\/span>\n\t\t\t\t\t<\/span>\n\t\t\t\t\t<\/a>\n\t\t<\/div>\n\t\t\t\t<\/div>\n\t\t\t\t<\/div>\n\t\t\t\t<\/div>\n\t\t\t\t\t<\/div>\n\t\t\t\t<\/div>\n\t\t<div class=\"elementor-element elementor-element-33cbebb e-flex e-con-boxed e-con e-parent\" data-id=\"33cbebb\" data-element_type=\"container\">\n\t\t\t\t\t<div class=\"e-con-inner\">\n\t\t\t\t<div class=\"elementor-element elementor-element-2902c5d elementor-widget elementor-widget-text-editor\" data-id=\"2902c5d\" data-element_type=\"widget\" data-widget_type=\"text-editor.default\">\n\t\t\t\t<div class=\"elementor-widget-container\">\n\t\t\t\t\t\t\t<h2><span style=\"color: #2d3488;\" data-ccp-props=\"{&quot;201341983&quot;:0,&quot;335559739&quot;:160,&quot;335559740&quot;:259}\">Nous sommes une ressource communautaire, financ\u00e9e par la foule, qui vise \u00e0 renforcer et \u00e0 aligner nos efforts collectifs pour attirer l'attention, obtenir des fonds et soutenir notre objectif collectif d'acc\u00e8s universel aux SDSR. Si vous \u00eates un communicateur ou un d\u00e9fenseur de la SDSR, rejoignez-nous. <\/span><\/h2><p>SRHR Insight a \u00e9t\u00e9 lanc\u00e9 pour soutenir notre communaut\u00e9 dynamique de communicateurs et de d\u00e9fenseurs des droits en mati\u00e8re de SDSR.<\/p><p>Alors que l'\u00e9ch\u00e9ance des objectifs de d\u00e9veloppement durable approche et que nous nous effor\u00e7ons de r\u00e9aliser notre objectif d'acc\u00e8s universel aux SDSR, notre r\u00f4le en tant que communicateurs est encore plus important.<\/p>\t\t\t\t\t\t<\/div>\n\t\t\t\t<\/div>\n\t\t\t\t\t<\/div>\n\t\t\t\t<\/div>\n\t\t<div class=\"elementor-element elementor-element-932c79b e-flex e-con-boxed e-con e-parent\" data-id=\"932c79b\" data-element_type=\"container\">\n\t\t\t\t\t<div class=\"e-con-inner\">\n\t\t<div class=\"elementor-element elementor-element-acd0274 e-con-full e-flex e-con e-child\" data-id=\"acd0274\" data-element_type=\"container\" data-settings=\"{&quot;background_background&quot;:&quot;classic&quot;}\">\n\t\t<div class=\"elementor-element elementor-element-a2650de e-con-full e-flex e-con e-child\" data-id=\"a2650de\" data-element_type=\"container\">\n\t\t\t\t<div class=\"elementor-element elementor-element-0a0ee0c elementor-widget elementor-widget-heading\" data-id=\"0a0ee0c\" data-element_type=\"widget\" data-widget_type=\"heading.default\">\n\t\t\t\t<div class=\"elementor-widget-container\">\n\t\t\t<h2 class=\"elementor-heading-title elementor-size-default\">La voie vers la SDSR universel<\/h2>\t\t<\/div>\n\t\t\t\t<\/div>\n\t\t\t\t<div class=\"elementor-element elementor-element-a5c86d5 elementor-widget elementor-widget-spacer\" data-id=\"a5c86d5\" data-element_type=\"widget\" data-widget_type=\"spacer.default\">\n\t\t\t\t<div class=\"elementor-widget-container\">\n\t\t\t\t\t<div class=\"elementor-spacer\">\n\t\t\t<div class=\"elementor-spacer-inner\"><\/div>\n\t\t<\/div>\n\t\t\t\t<\/div>\n\t\t\t\t<\/div>\n\t\t\t\t<div class=\"elementor-element elementor-element-54aefa7 elementor-widget elementor-widget-text-editor\" data-id=\"54aefa7\" data-element_type=\"widget\" data-widget_type=\"text-editor.default\">\n\t\t\t\t<div class=\"elementor-widget-container\">\n\t\t\t\t\t\t\t<p>Notre objectif est de relier les communicateurs travaillant dans le domaine de la sant\u00e9 sexuelle et reproductive, d'amplifier vos projets et de d\u00e9bloquer des possibilit\u00e9s de collaboration.<\/p><p>Notre communaut\u00e9 sera pr\u00e9sente aux moments suivants, avant de se r\u00e9unir lors de la prochaine conf\u00e9rence internationale sur la planification familiale.<\/p>\t\t\t\t\t\t<\/div>\n\t\t\t\t<\/div>\n\t\t\t\t<\/div>\n\t\t<div class=\"elementor-element elementor-element-d33e9af e-con-full e-flex e-con e-child\" data-id=\"d33e9af\" data-element_type=\"container\" data-settings=\"{&quot;background_background&quot;:&quot;classic&quot;}\">\n\t\t\t\t<div class=\"elementor-element elementor-element-9c733ec elementor-invisible elementor-widget elementor-widget-image\" data-id=\"9c733ec\" data-element_type=\"widget\" data-settings=\"{&quot;_animation&quot;:&quot;fadeIn&quot;}\" data-widget_type=\"image.default\">\n\t\t\t\t<div class=\"elementor-widget-container\">\n\t\t\t\t\t\t\t\t\t\t\t\t\t<img fetchpriority=\"high\" decoding=\"async\" width=\"745\" height=\"240\" src=\"https:\/\/srhrinsight.com\/wp-content\/uploads\/2024\/09\/unga.png\" class=\"attachment-large size-large wp-image-344\" alt=\"\" srcset=\"https:\/\/srhrinsight.com\/wp-content\/uploads\/2024\/09\/unga.png 745w, https:\/\/srhrinsight.com\/wp-content\/uploads\/2024\/09\/unga-300x97.png 300w, https:\/\/srhrinsight.com\/wp-content\/uploads\/2024\/09\/unga-18x6.png 18w\" sizes=\"(max-width: 745px) 100vw, 745px\" \/>\t\t\t\t\t\t\t\t\t\t\t\t\t<\/div>\n\t\t\t\t<\/div>\n\t\t\t\t<div class=\"elementor-element elementor-element-7a08f27 elementor-invisible elementor-widget elementor-widget-image\" data-id=\"7a08f27\" data-element_type=\"widget\" data-settings=\"{&quot;_animation&quot;:&quot;fadeIn&quot;,&quot;_animation_delay&quot;:150}\" data-widget_type=\"image.default\">\n\t\t\t\t<div class=\"elementor-widget-container\">\n\t\t\t\t\t\t\t\t\t\t\t\t\t<img decoding=\"async\" width=\"745\" height=\"241\" src=\"https:\/\/srhrinsight.com\/wp-content\/uploads\/2024\/09\/whs.png\" class=\"attachment-large size-large wp-image-343\" alt=\"\" srcset=\"https:\/\/srhrinsight.com\/wp-content\/uploads\/2024\/09\/whs.png 745w, https:\/\/srhrinsight.com\/wp-content\/uploads\/2024\/09\/whs-300x97.png 300w, https:\/\/srhrinsight.com\/wp-content\/uploads\/2024\/09\/whs-18x6.png 18w\" sizes=\"(max-width: 745px) 100vw, 745px\" \/>\t\t\t\t\t\t\t\t\t\t\t\t\t<\/div>\n\t\t\t\t<\/div>\n\t\t\t\t<div class=\"elementor-element elementor-element-80b6326 elementor-invisible elementor-widget elementor-widget-image\" data-id=\"80b6326\" data-element_type=\"widget\" data-settings=\"{&quot;_animation&quot;:&quot;fadeIn&quot;,&quot;_animation_delay&quot;:300}\" data-widget_type=\"image.default\">\n\t\t\t\t<div class=\"elementor-widget-container\">\n\t\t\t\t\t\t\t\t\t\t\t\t\t<img decoding=\"async\" width=\"745\" height=\"241\" src=\"https:\/\/srhrinsight.com\/wp-content\/uploads\/2024\/09\/wef.png\" class=\"attachment-large size-large wp-image-342\" alt=\"\" srcset=\"https:\/\/srhrinsight.com\/wp-content\/uploads\/2024\/09\/wef.png 745w, https:\/\/srhrinsight.com\/wp-content\/uploads\/2024\/09\/wef-300x97.png 300w, https:\/\/srhrinsight.com\/wp-content\/uploads\/2024\/09\/wef-18x6.png 18w\" sizes=\"(max-width: 745px) 100vw, 745px\" \/>\t\t\t\t\t\t\t\t\t\t\t\t\t<\/div>\n\t\t\t\t<\/div>\n\t\t\t\t<div class=\"elementor-element elementor-element-9d6e1aa elementor-invisible elementor-widget elementor-widget-image\" data-id=\"9d6e1aa\" data-element_type=\"widget\" data-settings=\"{&quot;_animation&quot;:&quot;fadeIn&quot;,&quot;_animation_delay&quot;:450}\" data-widget_type=\"image.default\">\n\t\t\t\t<div class=\"elementor-widget-container\">\n\t\t\t\t\t\t\t\t\t\t\t\t\t<img loading=\"lazy\" decoding=\"async\" width=\"745\" height=\"240\" src=\"https:\/\/srhrinsight.com\/wp-content\/uploads\/2024\/09\/csw.png\" class=\"attachment-large size-large wp-image-341\" alt=\"\" srcset=\"https:\/\/srhrinsight.com\/wp-content\/uploads\/2024\/09\/csw.png 745w, https:\/\/srhrinsight.com\/wp-content\/uploads\/2024\/09\/csw-300x97.png 300w, https:\/\/srhrinsight.com\/wp-content\/uploads\/2024\/09\/csw-18x6.png 18w\" sizes=\"(max-width: 745px) 100vw, 745px\" \/>\t\t\t\t\t\t\t\t\t\t\t\t\t<\/div>\n\t\t\t\t<\/div>\n\t\t\t\t<div class=\"elementor-element elementor-element-520d832 elementor-invisible elementor-widget elementor-widget-image\" data-id=\"520d832\" data-element_type=\"widget\" data-settings=\"{&quot;_animation&quot;:&quot;fadeIn&quot;,&quot;_animation_delay&quot;:600}\" data-widget_type=\"image.default\">\n\t\t\t\t<div class=\"elementor-widget-container\">\n\t\t\t\t\t\t\t\t\t\t\t\t\t<img loading=\"lazy\" decoding=\"async\" width=\"745\" height=\"241\" src=\"https:\/\/srhrinsight.com\/wp-content\/uploads\/2024\/09\/wha-1.png\" class=\"attachment-large size-large wp-image-340\" alt=\"\" srcset=\"https:\/\/srhrinsight.com\/wp-content\/uploads\/2024\/09\/wha-1.png 745w, https:\/\/srhrinsight.com\/wp-content\/uploads\/2024\/09\/wha-1-300x97.png 300w, https:\/\/srhrinsight.com\/wp-content\/uploads\/2024\/09\/wha-1-18x6.png 18w\" sizes=\"(max-width: 745px) 100vw, 745px\" \/>\t\t\t\t\t\t\t\t\t\t\t\t\t<\/div>\n\t\t\t\t<\/div>\n\t\t\t\t<div class=\"elementor-element elementor-element-6570b54 elementor-invisible elementor-widget elementor-widget-image\" data-id=\"6570b54\" data-element_type=\"widget\" data-settings=\"{&quot;_animation&quot;:&quot;fadeIn&quot;,&quot;_animation_delay&quot;:750}\" data-widget_type=\"image.default\">\n\t\t\t\t<div class=\"elementor-widget-container\">\n\t\t\t\t\t\t\t\t\t\t\t\t\t<img loading=\"lazy\" decoding=\"async\" width=\"745\" height=\"241\" src=\"https:\/\/srhrinsight.com\/wp-content\/uploads\/2024\/09\/icfp.png\" class=\"attachment-large size-large wp-image-339\" alt=\"\" srcset=\"https:\/\/srhrinsight.com\/wp-content\/uploads\/2024\/09\/icfp.png 745w, https:\/\/srhrinsight.com\/wp-content\/uploads\/2024\/09\/icfp-300x97.png 300w, https:\/\/srhrinsight.com\/wp-content\/uploads\/2024\/09\/icfp-18x6.png 18w\" sizes=\"(max-width: 745px) 100vw, 745px\" \/>\t\t\t\t\t\t\t\t\t\t\t\t\t<\/div>\n\t\t\t\t<\/div>\n\t\t\t\t<\/div>\n\t\t\t\t<\/div>\n\t\t\t\t\t<\/div>\n\t\t\t\t<\/div>\n\t\t<div class=\"elementor-element elementor-element-c0ac984 e-flex e-con-boxed e-con e-parent\" data-id=\"c0ac984\" data-element_type=\"container\">\n\t\t\t\t\t<div class=\"e-con-inner\">\n\t\t\t\t<div class=\"elementor-element elementor-element-9974ccc elementor-widget elementor-widget-text-editor\" data-id=\"9974ccc\" data-element_type=\"widget\" data-widget_type=\"text-editor.default\">\n\t\t\t\t<div class=\"elementor-widget-container\">\n\t\t\t\t\t\t\t<p style=\"text-align: right;\">Photo de couverture : Marie Stopes International<\/p>\t\t\t\t\t\t<\/div>\n\t\t\t\t<\/div>\n\t\t\t\t\t<\/div>\n\t\t\t\t<\/div>\n\t\t<div class=\"elementor-element elementor-element-913beb3 e-flex e-con-boxed e-con e-parent\" data-id=\"913beb3\" data-element_type=\"container\" data-settings=\"{&quot;background_background&quot;:&quot;classic&quot;}\">\n\t\t\t\t\t<div class=\"e-con-inner\">\n\t\t<div class=\"elementor-element elementor-element-1588090 e-con-full e-flex e-con e-child\" data-id=\"1588090\" data-element_type=\"container\">\n\t\t\t\t<div class=\"elementor-element elementor-element-5adb57b elementor-widget elementor-widget-image\" data-id=\"5adb57b\" data-element_type=\"widget\" data-widget_type=\"image.default\">\n\t\t\t\t<div class=\"elementor-widget-container\">\n\t\t\t\t\t\t\t\t\t\t\t\t\t<img loading=\"lazy\" decoding=\"async\" width=\"800\" height=\"257\" src=\"https:\/\/srhrinsight.com\/wp-content\/uploads\/2024\/09\/SRHR-Microsite_Logo_Ecru-1024x329.png\" class=\"attachment-large size-large wp-image-210\" alt=\"\" srcset=\"https:\/\/srhrinsight.com\/wp-content\/uploads\/2024\/09\/SRHR-Microsite_Logo_Ecru-1024x329.png 1024w, https:\/\/srhrinsight.com\/wp-content\/uploads\/2024\/09\/SRHR-Microsite_Logo_Ecru-300x96.png 300w, https:\/\/srhrinsight.com\/wp-content\/uploads\/2024\/09\/SRHR-Microsite_Logo_Ecru-768x247.png 768w, https:\/\/srhrinsight.com\/wp-content\/uploads\/2024\/09\/SRHR-Microsite_Logo_Ecru-1536x494.png 1536w, https:\/\/srhrinsight.com\/wp-content\/uploads\/2024\/09\/SRHR-Microsite_Logo_Ecru-2048x658.png 2048w\" sizes=\"(max-width: 800px) 100vw, 800px\" \/>\t\t\t\t\t\t\t\t\t\t\t\t\t<\/div>\n\t\t\t\t<\/div>\n\t\t\t\t<div class=\"elementor-element elementor-element-fa57ed6 elementor-widget__width-initial elementor-widget elementor-widget-text-editor\" data-id=\"fa57ed6\" data-element_type=\"widget\" data-widget_type=\"text-editor.default\">\n\t\t\t\t<div class=\"elementor-widget-container\">\n\t\t\t\t\t\t\t<p>SRHR Insight est une nouvelle ressource communautaire financ\u00e9e par la foule qui vise \u00e0 renforcer et \u00e0 harmoniser nos efforts collectifs afin de susciter l'attention, le financement et le soutien en faveur de notre objectif collectif d'acc\u00e8s universel \u00e0 la sant\u00e9 sexuelle et reproductive.\u00a0\u00a0<\/p>\t\t\t\t\t\t<\/div>\n\t\t\t\t<\/div>\n\t\t<div class=\"elementor-element elementor-element-3dea1f3 e-con-full e-flex e-con e-child\" data-id=\"3dea1f3\" data-element_type=\"container\">\n\t\t<div class=\"elementor-element elementor-element-21d453c e-con-full e-flex e-con e-child\" data-id=\"21d453c\" data-element_type=\"container\">\n\t\t\t\t<div class=\"elementor-element elementor-element-95bf471 elementor-widget elementor-widget-text-editor\" data-id=\"95bf471\" data-element_type=\"widget\" data-widget_type=\"text-editor.default\">\n\t\t\t\t<div class=\"elementor-widget-container\">\n\t\t\t\t\t\t\t<p>Powered by :<\/p>\t\t\t\t\t\t<\/div>\n\t\t\t\t<\/div>\n\t\t\t\t<\/div>\n\t\t<div class=\"elementor-element elementor-element-9e06525 e-con-full e-flex e-con e-child\" data-id=\"9e06525\" data-element_type=\"container\">\n\t\t\t\t<div class=\"elementor-element elementor-element-5e66eca elementor-widget elementor-widget-image\" data-id=\"5e66eca\" data-element_type=\"widget\" data-widget_type=\"image.default\">\n\t\t\t\t<div class=\"elementor-widget-container\">\n\t\t\t\t\t\t\t\t\t\t\t\t\t<img loading=\"lazy\" decoding=\"async\" width=\"800\" height=\"192\" src=\"https:\/\/srhrinsight.com\/wp-content\/uploads\/2024\/08\/CIFF_white-1-1024x246.png\" class=\"attachment-large size-large wp-image-21\" alt=\"\" srcset=\"https:\/\/srhrinsight.com\/wp-content\/uploads\/2024\/08\/CIFF_white-1-1024x246.png 1024w, https:\/\/srhrinsight.com\/wp-content\/uploads\/2024\/08\/CIFF_white-1-300x72.png 300w, https:\/\/srhrinsight.com\/wp-content\/uploads\/2024\/08\/CIFF_white-1-768x185.png 768w, https:\/\/srhrinsight.com\/wp-content\/uploads\/2024\/08\/CIFF_white-1.png 1201w\" sizes=\"(max-width: 800px) 100vw, 800px\" \/>\t\t\t\t\t\t\t\t\t\t\t\t\t<\/div>\n\t\t\t\t<\/div>\n\t\t\t\t<\/div>\n\t\t\t\t<\/div>\n\t\t\t\t<\/div>\n\t\t<div class=\"elementor-element elementor-element-32a6d5e e-con-full e-flex e-con e-child\" data-id=\"32a6d5e\" data-element_type=\"container\">\n\t\t\t\t<\/div>\n\t\t\t\t\t<\/div>\n\t\t\t\t<\/div>\n\t\t\t\t<\/div>","protected":false},"excerpt":{"rendered":"<p>Welcome to SRHR Insight, a\u202fnew hub for SRHR communicators and advocates\u202fto share resources, information, and events. Looking for SRHR events and opportunities at UNGA?\u00a0\u00a0 EVENTS We\u2019re a crowdsourced, community resource [&hellip;]<\/p>","protected":false},"author":1,"featured_media":0,"parent":0,"menu_order":0,"comment_status":"closed","ping_status":"closed","template":"elementor_header_footer","meta":{"_monsterinsights_skip_tracking":false,"_monsterinsights_sitenote_active":false,"_monsterinsights_sitenote_note":"","_monsterinsights_sitenote_category":0,"footnotes":""},"class_list":["post-41","page","type-page","status-publish","hentry"],"yoast_head":"<!-- This site is optimized with the Yoast SEO plugin v23.4 - https:\/\/yoast.com\/wordpress\/plugins\/seo\/ -->\n<title>Home - SRHR Insight<\/title>\n<meta name=\"robots\" content=\"index, follow, max-snippet:-1, max-image-preview:large, max-video-preview:-1\" \/>\n<link rel=\"canonical\" href=\"https:\/\/srhrinsight.com\/fr\/\" \/>\n<meta property=\"og:locale\" content=\"fr_FR\" \/>\n<meta property=\"og:type\" content=\"article\" \/>\n<meta property=\"og:title\" content=\"Home - SRHR Insight\" \/>\n<meta property=\"og:description\" content=\"Welcome to SRHR Insight, a\u202fnew hub for SRHR communicators and advocates\u202fto share resources, information, and events. Looking for SRHR events and opportunities at UNGA?\u00a0\u00a0 EVENTS We\u2019re a crowdsourced, community resource [&hellip;]\" \/>\n<meta property=\"og:url\" content=\"https:\/\/srhrinsight.com\/fr\/\" \/>\n<meta property=\"og:site_name\" content=\"SRHR Insight\" \/>\n<meta property=\"article:modified_time\" content=\"2024-09-18T18:03:39+00:00\" \/>\n<meta property=\"og:image\" content=\"https:\/\/srhrinsight.com\/wp-content\/uploads\/2024\/09\/SRHR-Insight_meta.png\" \/>\n\t<meta property=\"og:image:width\" content=\"2049\" \/>\n\t<meta property=\"og:image:height\" content=\"1153\" \/>\n\t<meta property=\"og:image:type\" content=\"image\/png\" \/>\n<meta name=\"twitter:card\" content=\"summary_large_image\" \/>\n<meta name=\"twitter:label1\" content=\"Dur\u00e9e de lecture estim\u00e9e\" \/>\n\t<meta name=\"twitter:data1\" content=\"3 minutes\" \/>\n<script type=\"application\/ld+json\" class=\"yoast-schema-graph\">{\"@context\":\"https:\/\/schema.org\",\"@graph\":[{\"@type\":\"WebPage\",\"@id\":\"https:\/\/srhrinsight.com\/\",\"url\":\"https:\/\/srhrinsight.com\/\",\"name\":\"Home - SRHR Insight\",\"isPartOf\":{\"@id\":\"https:\/\/srhrinsight.com\/#website\"},\"primaryImageOfPage\":{\"@id\":\"https:\/\/srhrinsight.com\/#primaryimage\"},\"image\":{\"@id\":\"https:\/\/srhrinsight.com\/#primaryimage\"},\"thumbnailUrl\":\"https:\/\/srhrinsight.com\/wp-content\/uploads\/2024\/09\/unga_17-9-24-1.png\",\"datePublished\":\"2024-09-05T16:00:24+00:00\",\"dateModified\":\"2024-09-18T18:03:39+00:00\",\"breadcrumb\":{\"@id\":\"https:\/\/srhrinsight.com\/#breadcrumb\"},\"inLanguage\":\"fr-FR\",\"potentialAction\":[{\"@type\":\"ReadAction\",\"target\":[\"https:\/\/srhrinsight.com\/\"]}]},{\"@type\":\"ImageObject\",\"inLanguage\":\"fr-FR\",\"@id\":\"https:\/\/srhrinsight.com\/#primaryimage\",\"url\":\"https:\/\/srhrinsight.com\/wp-content\/uploads\/2024\/09\/unga_17-9-24-1.png\",\"contentUrl\":\"https:\/\/srhrinsight.com\/wp-content\/uploads\/2024\/09\/unga_17-9-24-1.png\"},{\"@type\":\"BreadcrumbList\",\"@id\":\"https:\/\/srhrinsight.com\/#breadcrumb\",\"itemListElement\":[{\"@type\":\"ListItem\",\"position\":1,\"name\":\"Home\",\"item\":\"https:\/\/srhrinsight.com\/\"},{\"@type\":\"ListItem\",\"position\":2,\"name\":\"Home\"}]},{\"@type\":\"WebSite\",\"@id\":\"https:\/\/srhrinsight.com\/#website\",\"url\":\"https:\/\/srhrinsight.com\/\",\"name\":\"SRHR Insight\",\"description\":\"A space for collaboration and alignment on sexual and reproductive health and rights.\",\"publisher\":{\"@id\":\"https:\/\/srhrinsight.com\/#organization\"},\"potentialAction\":[{\"@type\":\"SearchAction\",\"target\":{\"@type\":\"EntryPoint\",\"urlTemplate\":\"https:\/\/srhrinsight.com\/?s={search_term_string}\"},\"query-input\":{\"@type\":\"PropertyValueSpecification\",\"valueRequired\":true,\"valueName\":\"search_term_string\"}}],\"inLanguage\":\"fr-FR\"},{\"@type\":\"Organization\",\"@id\":\"https:\/\/srhrinsight.com\/#organization\",\"name\":\"SRHR Insight\",\"url\":\"https:\/\/srhrinsight.com\/\",\"logo\":{\"@type\":\"ImageObject\",\"inLanguage\":\"fr-FR\",\"@id\":\"https:\/\/srhrinsight.com\/#\/schema\/logo\/image\/\",\"url\":\"https:\/\/srhrinsight.com\/wp-content\/uploads\/2024\/09\/cropped-SRHR-Microsite_Logo_Violet.png\",\"contentUrl\":\"https:\/\/srhrinsight.com\/wp-content\/uploads\/2024\/09\/cropped-SRHR-Microsite_Logo_Violet.png\",\"width\":3319,\"height\":1029,\"caption\":\"SRHR Insight\"},\"image\":{\"@id\":\"https:\/\/srhrinsight.com\/#\/schema\/logo\/image\/\"}}]}<\/script>\n<!-- \/ Yoast SEO plugin. -->","yoast_head_json":{"title":"Home - SRHR Insight","robots":{"index":"index","follow":"follow","max-snippet":"max-snippet:-1","max-image-preview":"max-image-preview:large","max-video-preview":"max-video-preview:-1"},"canonical":"https:\/\/srhrinsight.com\/fr\/","og_locale":"fr_FR","og_type":"article","og_title":"Home - SRHR Insight","og_description":"Welcome to SRHR Insight, a\u202fnew hub for SRHR communicators and advocates\u202fto share resources, information, and events. Looking for SRHR events and opportunities at UNGA?\u00a0\u00a0 EVENTS We\u2019re a crowdsourced, community resource [&hellip;]","og_url":"https:\/\/srhrinsight.com\/fr\/","og_site_name":"SRHR Insight","article_modified_time":"2024-09-18T18:03:39+00:00","og_image":[{"width":2049,"height":1153,"url":"https:\/\/srhrinsight.com\/wp-content\/uploads\/2024\/09\/SRHR-Insight_meta.png","type":"image\/png"}],"twitter_card":"summary_large_image","twitter_misc":{"Dur\u00e9e de lecture estim\u00e9e":"3 minutes"},"schema":{"@context":"https:\/\/schema.org","@graph":[{"@type":"WebPage","@id":"https:\/\/srhrinsight.com\/","url":"https:\/\/srhrinsight.com\/","name":"Home - SRHR Insight","isPartOf":{"@id":"https:\/\/srhrinsight.com\/#website"},"primaryImageOfPage":{"@id":"https:\/\/srhrinsight.com\/#primaryimage"},"image":{"@id":"https:\/\/srhrinsight.com\/#primaryimage"},"thumbnailUrl":"https:\/\/srhrinsight.com\/wp-content\/uploads\/2024\/09\/unga_17-9-24-1.png","datePublished":"2024-09-05T16:00:24+00:00","dateModified":"2024-09-18T18:03:39+00:00","breadcrumb":{"@id":"https:\/\/srhrinsight.com\/#breadcrumb"},"inLanguage":"fr-FR","potentialAction":[{"@type":"ReadAction","target":["https:\/\/srhrinsight.com\/"]}]},{"@type":"ImageObject","inLanguage":"fr-FR","@id":"https:\/\/srhrinsight.com\/#primaryimage","url":"https:\/\/srhrinsight.com\/wp-content\/uploads\/2024\/09\/unga_17-9-24-1.png","contentUrl":"https:\/\/srhrinsight.com\/wp-content\/uploads\/2024\/09\/unga_17-9-24-1.png"},{"@type":"BreadcrumbList","@id":"https:\/\/srhrinsight.com\/#breadcrumb","itemListElement":[{"@type":"ListItem","position":1,"name":"Home","item":"https:\/\/srhrinsight.com\/"},{"@type":"ListItem","position":2,"name":"Home"}]},{"@type":"WebSite","@id":"https:\/\/srhrinsight.com\/#website","url":"https:\/\/srhrinsight.com\/","name":"SRHR Insight","description":"A space for collaboration and alignment on sexual and reproductive health and rights.","publisher":{"@id":"https:\/\/srhrinsight.com\/#organization"},"potentialAction":[{"@type":"SearchAction","target":{"@type":"EntryPoint","urlTemplate":"https:\/\/srhrinsight.com\/?s={search_term_string}"},"query-input":{"@type":"PropertyValueSpecification","valueRequired":true,"valueName":"search_term_string"}}],"inLanguage":"fr-FR"},{"@type":"Organization","@id":"https:\/\/srhrinsight.com\/#organization","name":"SRHR Insight","url":"https:\/\/srhrinsight.com\/","logo":{"@type":"ImageObject","inLanguage":"fr-FR","@id":"https:\/\/srhrinsight.com\/#\/schema\/logo\/image\/","url":"https:\/\/srhrinsight.com\/wp-content\/uploads\/2024\/09\/cropped-SRHR-Microsite_Logo_Violet.png","contentUrl":"https:\/\/srhrinsight.com\/wp-content\/uploads\/2024\/09\/cropped-SRHR-Microsite_Logo_Violet.png","width":3319,"height":1029,"caption":"SRHR Insight"},"image":{"@id":"https:\/\/srhrinsight.com\/#\/schema\/logo\/image\/"}}]}},"featured_image_src":null,"featured_image_src_square":null,"_links":{"self":[{"href":"https:\/\/srhrinsight.com\/fr\/wp-json\/wp\/v2\/pages\/41","targetHints":{"allow":["GET"]}}],"collection":[{"href":"https:\/\/srhrinsight.com\/fr\/wp-json\/wp\/v2\/pages"}],"about":[{"href":"https:\/\/srhrinsight.com\/fr\/wp-json\/wp\/v2\/types\/page"}],"author":[{"embeddable":true,"href":"https:\/\/srhrinsight.com\/fr\/wp-json\/wp\/v2\/users\/1"}],"replies":[{"embeddable":true,"href":"https:\/\/srhrinsight.com\/fr\/wp-json\/wp\/v2\/comments?post=41"}],"version-history":[{"count":0,"href":"https:\/\/srhrinsight.com\/fr\/wp-json\/wp\/v2\/pages\/41\/revisions"}],"wp:attachment":[{"href":"https:\/\/srhrinsight.com\/fr\/wp-json\/wp\/v2\/media?parent=41"}],"curies":[{"name":"wp","href":"https:\/\/api.w.org\/{rel}","templated":true}]}}